{"id":3731,"date":"2024-07-17T03:14:55","date_gmt":"2024-07-17T03:14:55","guid":{"rendered":"https:\/\/teambuildingmorocco.com\/terminos-y-condiciones\/"},"modified":"2025-03-19T15:00:41","modified_gmt":"2025-03-19T15:00:41","slug":"terminos-y-condiciones","status":"publish","type":"page","link":"https:\/\/teambuildingmorocco.com\/es\/terminos-y-condiciones\/","title":{"rendered":"T\u00e9rminos y condiciones"},"content":{"rendered":"\n<h2 class=\"wp-block-heading\">Acerca de Team Building Morocco &amp; Catalyst Global<\/h2>\n\n<h3 class=\"wp-block-heading\">Catalyst Teambuilding network<\/h3>\n\n<p>Team Building New Generation &amp; Catalyst Marruecos se enorgullece de ser miembro de la Red de Construcci\u00f3n de Equipos Catalyst, que cuenta con m\u00e1s de 50 socios en m\u00e1s de 90 pa\u00edses. Intercambiamos continuamente las mejores pr\u00e1cticas y colaboramos para ofrecer programas de construcci\u00f3n de equipos de alta calidad a todos nuestros clientes en todo el mundo. <\/p>\n\n<p>En 2017, se llevaron a cabo 3.140 programas de construcci\u00f3n de equipos de Catalyst, involucrando a 250.000 participantes en todo el mundo. Este \u00e9xito se atribuye a: <\/p>\n\n<ul class=\"wp-block-list\">\n<li>Normas altas tanto en productos como en la entrega de servicios a nivel global.<\/li>\n<\/ul>\n\n<ul class=\"wp-block-list\">\n<li>Catalyst Global garantiza la calidad de sus productos y la profesionalidad de sus ventas y entrega de servicios, adaptados a las necesidades espec\u00edficas de cada cliente. Catalyst Global tambi\u00e9n lleva a cabo programas de capacitaci\u00f3n integrales y continuos para sus socios para mantener la excelencia en las ventas y la entrega de los programas de construcci\u00f3n de equipos de Catalyst. Los socios de la red de construcci\u00f3n de equipos de Catalyst comparten regularmente sus conocimientos y mejores pr\u00e1cticas en un foro interno y se re\u00fanen anualmente en conferencias locales o internacionales.  <\/li>\n<\/ul>\n\n<h2 class=\"wp-block-heading\">Producto de servicio globalo<\/h2>\n\n<p>La red de construcci\u00f3n de equipos de Catalyst es ahora la m\u00e1s grande del mundo. Con representantes en m\u00e1s de 90 pa\u00edses de todo el mundo, Catalyst no solo tiene informaci\u00f3n local, sino tambi\u00e9n experiencia cerca de ti. Ya sea que est\u00e9s buscando realizar una serie de eventos en m\u00faltiples regiones o un solo evento en un lugar espec\u00edfico en cualquier parte del mundo, Catalyst Team Building puede hacerlo. Al proporcionar programas integrales y personalizados, y a trav\u00e9s de sus oficinas de distribuci\u00f3n global, equipos y personal, Catalyst puede satisfacer adecuadamente las necesidades espec\u00edficas de las organizaciones multinacionales. Adem\u00e1s, Catalyst garantiza que sus productos se entreguen a precios competitivos sin comprometer sus est\u00e1ndares.    <\/p>\n\n<h2 class=\"wp-block-heading\">Desarrollo de productos innovadores<\/h2>\n\n<p>Catalyst Global est\u00e1 comprometida con la creaci\u00f3n de productos innovadores y creativos, especialmente a trav\u00e9s de la investigaci\u00f3n y el desarrollo. Al prestar atenci\u00f3n cercana a las tendencias actuales en psicolog\u00eda de la motivaci\u00f3n y enfoc\u00e1ndose en t\u00e9cnicas probadas que pueden generar un cambio real dentro de las empresas, Catalyst incorpora estas t\u00e9cnicas en el desarrollo de sus juegos. Asimismo, Catalyst explora continuamente c\u00f3mo utilizar y implementar la tecnolog\u00eda en sus productos. Con un portafolio de productos abierto y creativo, que incluye algunos de los productos de construcci\u00f3n de equipos m\u00e1s antiguos y maduros, Catalyst Team Building ha construido y mantenido una lista de clientes internacionales a quienes sigue brindando servicios reconocidos para energizar a sus equipos. Por lo tanto, Catalyst Team Building es la red m\u00e1s grande de su tipo, brindando todos sus productos de construcci\u00f3n de equipos en todo el mundo con los m\u00e1s altos est\u00e1ndares.    <\/p>\n\n<h2 class=\"wp-block-heading\">Condiciones de venta<\/h2>\n\n<p>La realizaci\u00f3n de una reserva implica autom\u00e1ticamente la aceptaci\u00f3n del cliente de las siguientes condiciones. Cualquier disposici\u00f3n, correo electr\u00f3nico, acuse de recibo y otros documentos del cliente que modifiquen los t\u00e9rminos de esta orden de compra ser\u00e1n considerados nulos y sin efecto a menos que est\u00e9n por escrito y sean aprobados y firmados por nosotros, tambi\u00e9n referidos aqu\u00ed como Team Building New Generation. Las reservas pueden hacerse por correo electr\u00f3nico o tel\u00e9fono. En el caso de las reservas telef\u00f3nicas, deben ser confirmadas por escrito.   <\/p>\n\n<h2 class=\"wp-block-heading\">Condiciones de Reserva y Pago (La firma de la cotizaci\u00f3n sirve como orden de compra):<\/h2>\n\n<ul class=\"wp-block-list\">\n<li>Dep\u00f3sito 1: 50% pagadero en el momento de la reserva<\/li>\n<\/ul>\n\n<ul class=\"wp-block-list\">\n<li>Saldo: Pagadero 3 d\u00edas antes de la fecha del evento<\/li>\n<\/ul>\n\n<ul class=\"wp-block-list\">\n<li>En caso de no pago de acuerdo con las condiciones mencionadas anteriormente, esto dar\u00e1 lugar a un aumento en las cantidades adeudadas, con recargos por mora equivalentes a 1,5 veces la tasa de inter\u00e9s legal a partir de la fecha de vencimiento.<\/li>\n<\/ul>\n\n<h2 class=\"wp-block-heading\">Condiciones de modificaci\u00f3n:<\/h2>\n\n<ul class=\"wp-block-list\">\n<li>M\u00e1s de 15 d\u00edas antes de la fecha de la actividad: Cualquier cambio en el n\u00famero de participantes, ya sea un aumento o una disminuci\u00f3n, dar\u00e1 lugar a la emisi\u00f3n de una nueva cotizaci\u00f3n.<\/li>\n<\/ul>\n\n<ul class=\"wp-block-list\">\n<li>Menos de 15 d\u00edas antes de la fecha de la actividad:<\/li>\n<\/ul>\n\n<ul class=\"wp-block-list\">\n<li>Cualquier aumento en el n\u00famero de participantes requerir\u00e1 una nueva cotizaci\u00f3n.<\/li>\n<\/ul>\n\n<ul class=\"wp-block-list\">\n<li>Cualquier aumento en el n\u00famero de participantes requerir\u00e1 una nueva cotizaci\u00f3n.<\/li>\n<\/ul>\n\n<h2 class=\"wp-block-heading\">Condiciones de cancelaci\u00f3n:<\/h2>\n\n<ul class=\"wp-block-list\">\n<li>30% en caso de cancelaci\u00f3n hasta 31 d\u00edas antes de la fecha programada del evento.<\/li>\n<\/ul>\n\n<ul class=\"wp-block-list\">\n<li>80% en caso de cancelaci\u00f3n entre 30 y 16 d\u00edas antes de la fecha programada del evento.<\/li>\n<\/ul>\n\n<ul class=\"wp-block-list\">\n<li>100% in case of cancellation less than 15 days before the scheduled event date.<\/li>\n<\/ul>\n\n<h2 class=\"wp-block-heading\">Precios v\u00e1lidos para la temporada actual.<\/h2>\n\n<h2 class=\"wp-block-heading\">Precios confidenciales, no compartir con competidores.<\/h2>\n\n<p>Las condiciones clim\u00e1ticas no justifican la cancelaci\u00f3n o el aplazamiento si la actividad puede ser proporcionada por nosotros. Nuestra agencia se reserva el derecho de modificar cualquier programa con o sin previo aviso dependiendo de las condiciones clim\u00e1ticas o de seguridad, sin que ning\u00fan participante pueda reclamar compensaci\u00f3n.<br\/>Otra opci\u00f3n: <\/p>\n","protected":false},"excerpt":{"rendered":"<p>Acerca de Team Building Morocco &amp; Catalyst Global Catalyst Teambuilding network Team Building New Generation &amp; Catalyst Marruecos se enorgullece de ser miembro de la Red de Construcci\u00f3n de Equipos Catalyst, que cuenta con m\u00e1s de 50 socios en m\u00e1s de 90 pa\u00edses. Intercambiamos continuamente las mejores pr\u00e1cticas y colaboramos para ofrecer programas de construcci\u00f3n [&hellip;]<\/p>\n","protected":false},"author":1,"featured_media":0,"parent":0,"menu_order":0,"comment_status":"closed","ping_status":"closed","template":"","meta":{"footnotes":""},"class_list":["post-3731","page","type-page","status-publish","hentry"],"yoast_head":"<!-- This site is optimized with the Yoast SEO plugin v26.8 - https:\/\/yoast.com\/product\/yoast-seo-wordpress\/ -->\n<title>T\u00e9rminos y condiciones - Team Building Morocco<\/title>\n<meta name=\"robots\" content=\"index, follow, max-snippet:-1, max-image-preview:large, max-video-preview:-1\" \/>\n<link rel=\"canonical\" href=\"https:\/\/teambuildingmorocco.com\/es\/terminos-y-condiciones\/\" \/>\n<meta property=\"og:locale\" content=\"es_ES\" \/>\n<meta property=\"og:type\" content=\"article\" \/>\n<meta property=\"og:title\" content=\"T\u00e9rminos y condiciones - Team Building Morocco\" \/>\n<meta property=\"og:description\" content=\"Acerca de Team Building Morocco &amp; Catalyst Global Catalyst Teambuilding network Team Building New Generation &amp; Catalyst Marruecos se enorgullece de ser miembro de la Red de Construcci\u00f3n de Equipos Catalyst, que cuenta con m\u00e1s de 50 socios en m\u00e1s de 90 pa\u00edses. Intercambiamos continuamente las mejores pr\u00e1cticas y colaboramos para ofrecer programas de construcci\u00f3n [&hellip;]\" \/>\n<meta property=\"og:url\" content=\"https:\/\/teambuildingmorocco.com\/es\/terminos-y-condiciones\/\" \/>\n<meta property=\"og:site_name\" content=\"Team Building Morocco\" \/>\n<meta property=\"article:publisher\" content=\"https:\/\/www.facebook.com\/tendenciatanger\" \/>\n<meta property=\"article:modified_time\" content=\"2025-03-19T15:00:41+00:00\" \/>\n<meta name=\"twitter:card\" content=\"summary_large_image\" \/>\n<meta name=\"twitter:label1\" content=\"Tiempo de lectura\" \/>\n\t<meta name=\"twitter:data1\" content=\"4 minutos\" \/>\n<script type=\"application\/ld+json\" class=\"yoast-schema-graph\">{\"@context\":\"https:\/\/schema.org\",\"@graph\":[{\"@type\":\"WebPage\",\"@id\":\"https:\/\/teambuildingmorocco.com\/es\/terminos-y-condiciones\/\",\"url\":\"https:\/\/teambuildingmorocco.com\/es\/terminos-y-condiciones\/\",\"name\":\"T\u00e9rminos y condiciones - Team Building Morocco\",\"isPartOf\":{\"@id\":\"https:\/\/teambuildingmorocco.com\/#website\"},\"datePublished\":\"2024-07-17T03:14:55+00:00\",\"dateModified\":\"2025-03-19T15:00:41+00:00\",\"breadcrumb\":{\"@id\":\"https:\/\/teambuildingmorocco.com\/es\/terminos-y-condiciones\/#breadcrumb\"},\"inLanguage\":\"es\",\"potentialAction\":[{\"@type\":\"ReadAction\",\"target\":[\"https:\/\/teambuildingmorocco.com\/es\/terminos-y-condiciones\/\"]}]},{\"@type\":\"BreadcrumbList\",\"@id\":\"https:\/\/teambuildingmorocco.com\/es\/terminos-y-condiciones\/#breadcrumb\",\"itemListElement\":[{\"@type\":\"ListItem\",\"position\":1,\"name\":\"Home\",\"item\":\"https:\/\/teambuildingmorocco.com\/\"},{\"@type\":\"ListItem\",\"position\":2,\"name\":\"T\u00e9rminos y condiciones\"}]},{\"@type\":\"WebSite\",\"@id\":\"https:\/\/teambuildingmorocco.com\/#website\",\"url\":\"https:\/\/teambuildingmorocco.com\/\",\"name\":\"Team Building Morocco\",\"description\":\"Elevate Your Team&#039;s Potential with Team building Morocco!\",\"publisher\":{\"@id\":\"https:\/\/teambuildingmorocco.com\/#organization\"},\"potentialAction\":[{\"@type\":\"SearchAction\",\"target\":{\"@type\":\"EntryPoint\",\"urlTemplate\":\"https:\/\/teambuildingmorocco.com\/?s={search_term_string}\"},\"query-input\":{\"@type\":\"PropertyValueSpecification\",\"valueRequired\":true,\"valueName\":\"search_term_string\"}}],\"inLanguage\":\"es\"},{\"@type\":\"Organization\",\"@id\":\"https:\/\/teambuildingmorocco.com\/#organization\",\"name\":\"Team Building Morocco\",\"url\":\"https:\/\/teambuildingmorocco.com\/\",\"logo\":{\"@type\":\"ImageObject\",\"inLanguage\":\"es\",\"@id\":\"https:\/\/teambuildingmorocco.com\/#\/schema\/logo\/image\/\",\"url\":\"https:\/\/teambuildingmorocco.com\/wp-content\/uploads\/2024\/07\/Team-Building-Morocco-logo.png\",\"contentUrl\":\"https:\/\/teambuildingmorocco.com\/wp-content\/uploads\/2024\/07\/Team-Building-Morocco-logo.png\",\"width\":537,\"height\":117,\"caption\":\"Team Building Morocco\"},\"image\":{\"@id\":\"https:\/\/teambuildingmorocco.com\/#\/schema\/logo\/image\/\"},\"sameAs\":[\"https:\/\/www.facebook.com\/tendenciatanger\",\"https:\/\/www.youtube.com\/@tendenciaeventstravel2270\",\"https:\/\/www.instagram.com\/teambuildingmorocco\/\",\"https:\/\/www.tiktok.com\/@teambuildingmorocco?_t=8mmm9g9xd6z&_r=1\"]}]}<\/script>\n<!-- \/ Yoast SEO plugin. -->","yoast_head_json":{"title":"T\u00e9rminos y condiciones - Team Building Morocco","robots":{"index":"index","follow":"follow","max-snippet":"max-snippet:-1","max-image-preview":"max-image-preview:large","max-video-preview":"max-video-preview:-1"},"canonical":"https:\/\/teambuildingmorocco.com\/es\/terminos-y-condiciones\/","og_locale":"es_ES","og_type":"article","og_title":"T\u00e9rminos y condiciones - Team Building Morocco","og_description":"Acerca de Team Building Morocco &amp; Catalyst Global Catalyst Teambuilding network Team Building New Generation &amp; Catalyst Marruecos se enorgullece de ser miembro de la Red de Construcci\u00f3n de Equipos Catalyst, que cuenta con m\u00e1s de 50 socios en m\u00e1s de 90 pa\u00edses. Intercambiamos continuamente las mejores pr\u00e1cticas y colaboramos para ofrecer programas de construcci\u00f3n [&hellip;]","og_url":"https:\/\/teambuildingmorocco.com\/es\/terminos-y-condiciones\/","og_site_name":"Team Building Morocco","article_publisher":"https:\/\/www.facebook.com\/tendenciatanger","article_modified_time":"2025-03-19T15:00:41+00:00","twitter_card":"summary_large_image","twitter_misc":{"Tiempo de lectura":"4 minutos"},"schema":{"@context":"https:\/\/schema.org","@graph":[{"@type":"WebPage","@id":"https:\/\/teambuildingmorocco.com\/es\/terminos-y-condiciones\/","url":"https:\/\/teambuildingmorocco.com\/es\/terminos-y-condiciones\/","name":"T\u00e9rminos y condiciones - Team Building Morocco","isPartOf":{"@id":"https:\/\/teambuildingmorocco.com\/#website"},"datePublished":"2024-07-17T03:14:55+00:00","dateModified":"2025-03-19T15:00:41+00:00","breadcrumb":{"@id":"https:\/\/teambuildingmorocco.com\/es\/terminos-y-condiciones\/#breadcrumb"},"inLanguage":"es","potentialAction":[{"@type":"ReadAction","target":["https:\/\/teambuildingmorocco.com\/es\/terminos-y-condiciones\/"]}]},{"@type":"BreadcrumbList","@id":"https:\/\/teambuildingmorocco.com\/es\/terminos-y-condiciones\/#breadcrumb","itemListElement":[{"@type":"ListItem","position":1,"name":"Home","item":"https:\/\/teambuildingmorocco.com\/"},{"@type":"ListItem","position":2,"name":"T\u00e9rminos y condiciones"}]},{"@type":"WebSite","@id":"https:\/\/teambuildingmorocco.com\/#website","url":"https:\/\/teambuildingmorocco.com\/","name":"Team Building Morocco","description":"Elevate Your Team&#039;s Potential with Team building Morocco!","publisher":{"@id":"https:\/\/teambuildingmorocco.com\/#organization"},"potentialAction":[{"@type":"SearchAction","target":{"@type":"EntryPoint","urlTemplate":"https:\/\/teambuildingmorocco.com\/?s={search_term_string}"},"query-input":{"@type":"PropertyValueSpecification","valueRequired":true,"valueName":"search_term_string"}}],"inLanguage":"es"},{"@type":"Organization","@id":"https:\/\/teambuildingmorocco.com\/#organization","name":"Team Building Morocco","url":"https:\/\/teambuildingmorocco.com\/","logo":{"@type":"ImageObject","inLanguage":"es","@id":"https:\/\/teambuildingmorocco.com\/#\/schema\/logo\/image\/","url":"https:\/\/teambuildingmorocco.com\/wp-content\/uploads\/2024\/07\/Team-Building-Morocco-logo.png","contentUrl":"https:\/\/teambuildingmorocco.com\/wp-content\/uploads\/2024\/07\/Team-Building-Morocco-logo.png","width":537,"height":117,"caption":"Team Building Morocco"},"image":{"@id":"https:\/\/teambuildingmorocco.com\/#\/schema\/logo\/image\/"},"sameAs":["https:\/\/www.facebook.com\/tendenciatanger","https:\/\/www.youtube.com\/@tendenciaeventstravel2270","https:\/\/www.instagram.com\/teambuildingmorocco\/","https:\/\/www.tiktok.com\/@teambuildingmorocco?_t=8mmm9g9xd6z&_r=1"]}]}},"_links":{"self":[{"href":"https:\/\/teambuildingmorocco.com\/es\/wp-json\/wp\/v2\/pages\/3731","targetHints":{"allow":["GET"]}}],"collection":[{"href":"https:\/\/teambuildingmorocco.com\/es\/wp-json\/wp\/v2\/pages"}],"about":[{"href":"https:\/\/teambuildingmorocco.com\/es\/wp-json\/wp\/v2\/types\/page"}],"author":[{"embeddable":true,"href":"https:\/\/teambuildingmorocco.com\/es\/wp-json\/wp\/v2\/users\/1"}],"replies":[{"embeddable":true,"href":"https:\/\/teambuildingmorocco.com\/es\/wp-json\/wp\/v2\/comments?post=3731"}],"version-history":[{"count":1,"href":"https:\/\/teambuildingmorocco.com\/es\/wp-json\/wp\/v2\/pages\/3731\/revisions"}],"predecessor-version":[{"id":3732,"href":"https:\/\/teambuildingmorocco.com\/es\/wp-json\/wp\/v2\/pages\/3731\/revisions\/3732"}],"wp:attachment":[{"href":"https:\/\/teambuildingmorocco.com\/es\/wp-json\/wp\/v2\/media?parent=3731"}],"curies":[{"name":"wp","href":"https:\/\/api.w.org\/{rel}","templated":true}]}}