{"id":1351,"date":"2024-07-17T03:14:55","date_gmt":"2024-07-17T03:14:55","guid":{"rendered":"https:\/\/teambuildingmorocco.com\/termes-et-conditions\/"},"modified":"2024-08-19T13:32:41","modified_gmt":"2024-08-19T13:32:41","slug":"termes-et-conditions","status":"publish","type":"page","link":"https:\/\/teambuildingmorocco.com\/fr\/termes-et-conditions\/","title":{"rendered":"Termes et Conditions."},"content":{"rendered":"\n<h2 class=\"wp-block-heading\">\u00c0 propos de Team Building Morocco  Catalyst Global<\/h2>\n\n<h3 class=\"wp-block-heading\">R\u00e9seau Catalyst Teambuilding<\/h3>\n\n<p>Team Building New Generation et Catalyst Morocco sont fiers d&rsquo;\u00eatre membres du R\u00e9seau Catalyst Teambuilding, qui compte plus de 50 partenaires dans plus de 90 pays. Nous \u00e9changeons continuellement des meilleures pratiques et collaborons pour offrir des programmes de team building de haute qualit\u00e9 \u00e0 tous nos clients dans le monde entier.<\/p>\n\n<p>En 2017, 3 140 programmes de team building Catalyst ont \u00e9t\u00e9 r\u00e9alis\u00e9s, impliquant 250 000 participants dans le monde entier. Ce succ\u00e8s est attribu\u00e9 \u00e0 :<\/p>\n\n<ul class=\"wp-block-list\">\n<li>Des normes \u00e9lev\u00e9es tant dans les produits que dans la prestation de services \u00e0 l\u2019\u00e9chelle mondiale.<\/li>\n<\/ul>\n\n<ul class=\"wp-block-list\">\n<li>Catalyst Global garantit la qualit\u00e9 de ses produits ainsi que le professionnalisme de ses ventes et de sa prestation de services, adapt\u00e9s aux besoins sp\u00e9cifiques de chaque client. Catalyst Global organise \u00e9galement des programmes de formation complets et continus pour ses partenaires afin de maintenir l\u2019excellence dans la vente et la prestation des programmes de team building Catalyst. Les partenaires du r\u00e9seau Catalyst Team Building partagent r\u00e9guli\u00e8rement leurs connaissances et meilleures pratiques sur un forum interne et se rencontrent chaque ann\u00e9e lors de conf\u00e9rences locales ou internationales.<\/li>\n<\/ul>\n\n<h2 class=\"wp-block-heading\">Produit de service global<\/h2>\n\n<p>Le r\u00e9seau Catalyst Team Building est d\u00e9sormais le plus grand au monde. Avec des repr\u00e9sentants dans plus de 90 pays \u00e0 travers le monde, Catalyst dispose non seulement d&rsquo;informations locales, mais aussi d&rsquo;une expertise pr\u00e8s de chez vous. Que vous souhaitiez organiser une s\u00e9rie d&rsquo;\u00e9v\u00e9nements dans plusieurs r\u00e9gions ou un \u00e9v\u00e9nement unique dans un endroit pr\u00e9cis partout dans le monde, Catalyst Team Building peut r\u00e9pondre \u00e0 vos besoins. En offrant des programmes complets et personnalis\u00e9s et gr\u00e2ce \u00e0 ses bureaux de distribution mondiaux, son \u00e9quipement et son personnel, Catalyst peut r\u00e9pondre de mani\u00e8re ad\u00e9quate aux besoins sp\u00e9cifiques des organisations multinationales. Catalyst veille \u00e9galement \u00e0 ce que ses produits soient livr\u00e9s \u00e0 des prix comp\u00e9titifs sans compromettre ses normes.<\/p>\n\n<h2 class=\"wp-block-heading\">D\u00e9veloppement de produits innovants<\/h2>\n\n<p>Catalyst Global s&rsquo;engage \u00e0 cr\u00e9er des produits innovants et cr\u00e9atifs, notamment par le biais de la recherche et du d\u00e9veloppement. En pr\u00eatant une attention particuli\u00e8re aux tendances actuelles en psychologie de la motivation et en se concentrant sur des techniques \u00e9prouv\u00e9es pouvant apporter un v\u00e9ritable changement au sein des entreprises, Catalyst les int\u00e8gre dans le d\u00e9veloppement de ses jeux. Tout aussi important, Catalyst explore en permanence comment utiliser et int\u00e9grer la technologie dans ses produits. Avec un portefeuille de produits de plus en plus ouvert et cr\u00e9atif, comprenant certains des produits de team building les plus anciens et les plus aboutis, Catalyst Team Building a constitu\u00e9 et maintenu une liste de clients internationaux \u00e0 qui elle continue de fournir des services reconnus pour dynamiser leurs \u00e9quipes. Par cons\u00e9quent, Catalyst Team Building est le plus grand r\u00e9seau de ce type, offrant tous ses produits de team building dans le monde entier selon les normes les plus \u00e9lev\u00e9es<\/p>\n\n<h2 class=\"wp-block-heading\">Conditions de vente<\/h2>\n\n<p>La r\u00e9servation implique automatiquement l&rsquo;acceptation par le client des conditions suivantes. Toute disposition, e-mail, accus\u00e9 de r\u00e9ception et autres documents du client modifiant les termes de ce bon de commande seront consid\u00e9r\u00e9s comme nuls et non avenus, \u00e0 moins qu&rsquo;ils ne soient r\u00e9dig\u00e9s par \u00e9crit et approuv\u00e9s et sign\u00e9s par nous, \u00e9galement d\u00e9sign\u00e9s ci-apr\u00e8s sous le nom de Team Building New Generation. Les r\u00e9servations peuvent \u00eatre effectu\u00e9es par e-mail ou par t\u00e9l\u00e9phone. Dans le cas des r\u00e9servations par t\u00e9l\u00e9phone, elles doivent \u00eatre confirm\u00e9es par \u00e9crit.<\/p>\n\n<h2 class=\"wp-block-heading\">Conditions de R\u00e9servation et de Paiement (Signature du devis faisant office de bon de commande) :<\/h2>\n\n<ul class=\"wp-block-list\">\n<li>Acompte 1 : 50 % payable au moment de la r\u00e9servation.<\/li>\n<\/ul>\n\n<ul class=\"wp-block-list\">\n<li>Solde : Payable 3 jours avant la date de l&rsquo;\u00e9v\u00e9nement.<\/li>\n<\/ul>\n\n<ul class=\"wp-block-list\">\n<li>En cas de non-paiement selon les conditions mentionn\u00e9es ci-dessus, cela entra\u00eenera une augmentation des montants dus, avec des p\u00e9nalit\u00e9s de retard \u00e9quivalentes \u00e0 1,5 fois le taux d&rsquo;int\u00e9r\u00eat l\u00e9gal \u00e0 partir de la date d&rsquo;\u00e9ch\u00e9ance.<\/li>\n<\/ul>\n\n<h2 class=\"wp-block-heading\">Conditions de modification :<\/h2>\n\n<ul class=\"wp-block-list\">\n<li>Plus de 15 jours avant la date de l&rsquo;activit\u00e9 : Toute modification du nombre de participants, qu&rsquo;il s&rsquo;agisse d&rsquo;une augmentation ou d&rsquo;une diminution, entra\u00eenera l&rsquo;\u00e9mission d&rsquo;un nouveau devis.<\/li>\n<\/ul>\n\n<ul class=\"wp-block-list\">\n<li>Moins de 15 jours avant la date de l&rsquo;activit\u00e9 :<\/li>\n<\/ul>\n\n<ul class=\"wp-block-list\">\n<li>Toute augmentation du nombre de participants n\u00e9cessitera l&rsquo;\u00e9mission d&rsquo;un nouveau devis.<\/li>\n<\/ul>\n\n<ul class=\"wp-block-list\">\n<li>Toute r\u00e9duction du nombre de participants n&rsquo;affecte pas le montant fix\u00e9 dans le devis initial.<\/li>\n<\/ul>\n\n<h2 class=\"wp-block-heading\">Conditions d&rsquo;annulation :<\/h2>\n\n<ul class=\"wp-block-list\">\n<li>30 % en cas d&rsquo;annulation jusqu&rsquo;\u00e0 31 jours avant la date pr\u00e9vue de l&rsquo;\u00e9v\u00e9nement.<\/li>\n<\/ul>\n\n<ul class=\"wp-block-list\">\n<li>80 % en cas d&rsquo;annulation entre 30 et 16 jours avant la date pr\u00e9vue de l&rsquo;\u00e9v\u00e9nement<\/li>\n<\/ul>\n\n<ul class=\"wp-block-list\">\n<li>100 % en cas d&rsquo;annulation moins de 15 jours avant la date pr\u00e9vue de l&rsquo;\u00e9v\u00e9nement.<\/li>\n<\/ul>\n\n<h2 class=\"wp-block-heading\">Tarifs valables pour la saison en cours<\/h2>\n\n<h2 class=\"wp-block-heading\">Prix confidentiels \u00e0 ne pas partager avec les concurrents<\/h2>\n\n<p>Les conditions m\u00e9t\u00e9orologiques ne justifient pas l&rsquo;annulation ou le report si l&rsquo;activit\u00e9 peut \u00eatre assur\u00e9e par nos soins. Notre agence se r\u00e9serve le droit de modifier tout programme avec ou sans pr\u00e9avis en fonction des conditions m\u00e9t\u00e9orologiques ou de s\u00e9curit\u00e9, sans qu&rsquo;aucun participant ne puisse r\u00e9clamer de compensation.<\/p>\n","protected":false},"excerpt":{"rendered":"<p>\u00c0 propos de Team Building Morocco Catalyst Global R\u00e9seau Catalyst Teambuilding Team Building New Generation et Catalyst Morocco sont fiers d&rsquo;\u00eatre membres du R\u00e9seau Catalyst Teambuilding, qui compte plus de 50 partenaires dans plus de 90 pays. Nous \u00e9changeons continuellement des meilleures pratiques et collaborons pour offrir des programmes de team building de haute qualit\u00e9 [&hellip;]<\/p>\n","protected":false},"author":1,"featured_media":0,"parent":0,"menu_order":0,"comment_status":"closed","ping_status":"closed","template":"","meta":{"footnotes":""},"class_list":["post-1351","page","type-page","status-publish","hentry"],"yoast_head":"<!-- This site is optimized with the Yoast SEO plugin v26.8 - https:\/\/yoast.com\/product\/yoast-seo-wordpress\/ -->\n<title>Termes et Conditions. - Team Building Morocco<\/title>\n<meta name=\"robots\" content=\"index, follow, max-snippet:-1, max-image-preview:large, max-video-preview:-1\" \/>\n<link rel=\"canonical\" href=\"https:\/\/teambuildingmorocco.com\/terms-and-conditions\/\" \/>\n<meta property=\"og:locale\" content=\"fr_FR\" \/>\n<meta property=\"og:type\" content=\"article\" \/>\n<meta property=\"og:title\" content=\"Termes et Conditions. - Team Building Morocco\" \/>\n<meta property=\"og:description\" content=\"\u00c0 propos de Team Building Morocco Catalyst Global R\u00e9seau Catalyst Teambuilding Team Building New Generation et Catalyst Morocco sont fiers d&rsquo;\u00eatre membres du R\u00e9seau Catalyst Teambuilding, qui compte plus de 50 partenaires dans plus de 90 pays. Nous \u00e9changeons continuellement des meilleures pratiques et collaborons pour offrir des programmes de team building de haute qualit\u00e9 [&hellip;]\" \/>\n<meta property=\"og:url\" content=\"https:\/\/teambuildingmorocco.com\/terms-and-conditions\/\" \/>\n<meta property=\"og:site_name\" content=\"Team Building Morocco\" \/>\n<meta property=\"article:publisher\" content=\"https:\/\/www.facebook.com\/tendenciatanger\" \/>\n<meta property=\"article:modified_time\" content=\"2024-08-19T13:32:41+00:00\" \/>\n<meta name=\"twitter:card\" content=\"summary_large_image\" \/>\n<meta name=\"twitter:label1\" content=\"Dur\u00e9e de lecture estim\u00e9e\" \/>\n\t<meta name=\"twitter:data1\" content=\"4 minutes\" \/>\n<script type=\"application\/ld+json\" class=\"yoast-schema-graph\">{\"@context\":\"https:\/\/schema.org\",\"@graph\":[{\"@type\":\"WebPage\",\"@id\":\"https:\/\/teambuildingmorocco.com\/terms-and-conditions\/\",\"url\":\"https:\/\/teambuildingmorocco.com\/terms-and-conditions\/\",\"name\":\"Termes et Conditions. - Team Building Morocco\",\"isPartOf\":{\"@id\":\"https:\/\/teambuildingmorocco.com\/#website\"},\"datePublished\":\"2024-07-17T03:14:55+00:00\",\"dateModified\":\"2024-08-19T13:32:41+00:00\",\"breadcrumb\":{\"@id\":\"https:\/\/teambuildingmorocco.com\/terms-and-conditions\/#breadcrumb\"},\"inLanguage\":\"fr-FR\",\"potentialAction\":[{\"@type\":\"ReadAction\",\"target\":[\"https:\/\/teambuildingmorocco.com\/terms-and-conditions\/\"]}]},{\"@type\":\"BreadcrumbList\",\"@id\":\"https:\/\/teambuildingmorocco.com\/terms-and-conditions\/#breadcrumb\",\"itemListElement\":[{\"@type\":\"ListItem\",\"position\":1,\"name\":\"Home\",\"item\":\"https:\/\/teambuildingmorocco.com\/fr\/\"},{\"@type\":\"ListItem\",\"position\":2,\"name\":\"Termes et Conditions.\"}]},{\"@type\":\"WebSite\",\"@id\":\"https:\/\/teambuildingmorocco.com\/#website\",\"url\":\"https:\/\/teambuildingmorocco.com\/\",\"name\":\"Team Building Morocco\",\"description\":\"\u00c9LEVEZ LE POTENTIEL DE VOTRE \u00c9QUIPE AVEC TEAM BUILDING MOROCCO !\",\"publisher\":{\"@id\":\"https:\/\/teambuildingmorocco.com\/#organization\"},\"potentialAction\":[{\"@type\":\"SearchAction\",\"target\":{\"@type\":\"EntryPoint\",\"urlTemplate\":\"https:\/\/teambuildingmorocco.com\/?s={search_term_string}\"},\"query-input\":{\"@type\":\"PropertyValueSpecification\",\"valueRequired\":true,\"valueName\":\"search_term_string\"}}],\"inLanguage\":\"fr-FR\"},{\"@type\":\"Organization\",\"@id\":\"https:\/\/teambuildingmorocco.com\/#organization\",\"name\":\"Team Building Morocco\",\"url\":\"https:\/\/teambuildingmorocco.com\/\",\"logo\":{\"@type\":\"ImageObject\",\"inLanguage\":\"fr-FR\",\"@id\":\"https:\/\/teambuildingmorocco.com\/#\/schema\/logo\/image\/\",\"url\":\"https:\/\/teambuildingmorocco.com\/wp-content\/uploads\/2024\/07\/Team-Building-Morocco-logo.png\",\"contentUrl\":\"https:\/\/teambuildingmorocco.com\/wp-content\/uploads\/2024\/07\/Team-Building-Morocco-logo.png\",\"width\":537,\"height\":117,\"caption\":\"Team Building Morocco\"},\"image\":{\"@id\":\"https:\/\/teambuildingmorocco.com\/#\/schema\/logo\/image\/\"},\"sameAs\":[\"https:\/\/www.facebook.com\/tendenciatanger\",\"https:\/\/www.youtube.com\/@tendenciaeventstravel2270\",\"https:\/\/www.instagram.com\/teambuildingmorocco\/\",\"https:\/\/www.tiktok.com\/@teambuildingmorocco?_t=8mmm9g9xd6z&_r=1\"]}]}<\/script>\n<!-- \/ Yoast SEO plugin. -->","yoast_head_json":{"title":"Termes et Conditions. - Team Building Morocco","robots":{"index":"index","follow":"follow","max-snippet":"max-snippet:-1","max-image-preview":"max-image-preview:large","max-video-preview":"max-video-preview:-1"},"canonical":"https:\/\/teambuildingmorocco.com\/terms-and-conditions\/","og_locale":"fr_FR","og_type":"article","og_title":"Termes et Conditions. - Team Building Morocco","og_description":"\u00c0 propos de Team Building Morocco Catalyst Global R\u00e9seau Catalyst Teambuilding Team Building New Generation et Catalyst Morocco sont fiers d&rsquo;\u00eatre membres du R\u00e9seau Catalyst Teambuilding, qui compte plus de 50 partenaires dans plus de 90 pays. Nous \u00e9changeons continuellement des meilleures pratiques et collaborons pour offrir des programmes de team building de haute qualit\u00e9 [&hellip;]","og_url":"https:\/\/teambuildingmorocco.com\/terms-and-conditions\/","og_site_name":"Team Building Morocco","article_publisher":"https:\/\/www.facebook.com\/tendenciatanger","article_modified_time":"2024-08-19T13:32:41+00:00","twitter_card":"summary_large_image","twitter_misc":{"Dur\u00e9e de lecture estim\u00e9e":"4 minutes"},"schema":{"@context":"https:\/\/schema.org","@graph":[{"@type":"WebPage","@id":"https:\/\/teambuildingmorocco.com\/terms-and-conditions\/","url":"https:\/\/teambuildingmorocco.com\/terms-and-conditions\/","name":"Termes et Conditions. - Team Building Morocco","isPartOf":{"@id":"https:\/\/teambuildingmorocco.com\/#website"},"datePublished":"2024-07-17T03:14:55+00:00","dateModified":"2024-08-19T13:32:41+00:00","breadcrumb":{"@id":"https:\/\/teambuildingmorocco.com\/terms-and-conditions\/#breadcrumb"},"inLanguage":"fr-FR","potentialAction":[{"@type":"ReadAction","target":["https:\/\/teambuildingmorocco.com\/terms-and-conditions\/"]}]},{"@type":"BreadcrumbList","@id":"https:\/\/teambuildingmorocco.com\/terms-and-conditions\/#breadcrumb","itemListElement":[{"@type":"ListItem","position":1,"name":"Home","item":"https:\/\/teambuildingmorocco.com\/fr\/"},{"@type":"ListItem","position":2,"name":"Termes et Conditions."}]},{"@type":"WebSite","@id":"https:\/\/teambuildingmorocco.com\/#website","url":"https:\/\/teambuildingmorocco.com\/","name":"Team Building Morocco","description":"\u00c9LEVEZ LE POTENTIEL DE VOTRE \u00c9QUIPE AVEC TEAM BUILDING MOROCCO !","publisher":{"@id":"https:\/\/teambuildingmorocco.com\/#organization"},"potentialAction":[{"@type":"SearchAction","target":{"@type":"EntryPoint","urlTemplate":"https:\/\/teambuildingmorocco.com\/?s={search_term_string}"},"query-input":{"@type":"PropertyValueSpecification","valueRequired":true,"valueName":"search_term_string"}}],"inLanguage":"fr-FR"},{"@type":"Organization","@id":"https:\/\/teambuildingmorocco.com\/#organization","name":"Team Building Morocco","url":"https:\/\/teambuildingmorocco.com\/","logo":{"@type":"ImageObject","inLanguage":"fr-FR","@id":"https:\/\/teambuildingmorocco.com\/#\/schema\/logo\/image\/","url":"https:\/\/teambuildingmorocco.com\/wp-content\/uploads\/2024\/07\/Team-Building-Morocco-logo.png","contentUrl":"https:\/\/teambuildingmorocco.com\/wp-content\/uploads\/2024\/07\/Team-Building-Morocco-logo.png","width":537,"height":117,"caption":"Team Building Morocco"},"image":{"@id":"https:\/\/teambuildingmorocco.com\/#\/schema\/logo\/image\/"},"sameAs":["https:\/\/www.facebook.com\/tendenciatanger","https:\/\/www.youtube.com\/@tendenciaeventstravel2270","https:\/\/www.instagram.com\/teambuildingmorocco\/","https:\/\/www.tiktok.com\/@teambuildingmorocco?_t=8mmm9g9xd6z&_r=1"]}]}},"_links":{"self":[{"href":"https:\/\/teambuildingmorocco.com\/fr\/wp-json\/wp\/v2\/pages\/1351","targetHints":{"allow":["GET"]}}],"collection":[{"href":"https:\/\/teambuildingmorocco.com\/fr\/wp-json\/wp\/v2\/pages"}],"about":[{"href":"https:\/\/teambuildingmorocco.com\/fr\/wp-json\/wp\/v2\/types\/page"}],"author":[{"embeddable":true,"href":"https:\/\/teambuildingmorocco.com\/fr\/wp-json\/wp\/v2\/users\/1"}],"replies":[{"embeddable":true,"href":"https:\/\/teambuildingmorocco.com\/fr\/wp-json\/wp\/v2\/comments?post=1351"}],"version-history":[{"count":1,"href":"https:\/\/teambuildingmorocco.com\/fr\/wp-json\/wp\/v2\/pages\/1351\/revisions"}],"predecessor-version":[{"id":1352,"href":"https:\/\/teambuildingmorocco.com\/fr\/wp-json\/wp\/v2\/pages\/1351\/revisions\/1352"}],"wp:attachment":[{"href":"https:\/\/teambuildingmorocco.com\/fr\/wp-json\/wp\/v2\/media?parent=1351"}],"curies":[{"name":"wp","href":"https:\/\/api.w.org\/{rel}","templated":true}]}}